{"id":34,"date":"2025-03-11T21:28:52","date_gmt":"2025-03-11T20:28:52","guid":{"rendered":"https:\/\/www.fixidata.com\/index.php\/home\/"},"modified":"2025-03-16T14:10:52","modified_gmt":"2025-03-16T13:10:52","slug":"home","status":"publish","type":"page","link":"https:\/\/www.fixidata.com\/","title":{"rendered":"Home"},"content":{"rendered":"\t\t<div data-elementor-type=\"wp-page\" data-elementor-id=\"34\" class=\"elementor elementor-34\">\n\t\t\t\t<div class=\"elementor-element elementor-element-d5cfde3 e-flex e-con-boxed e-con e-parent\" data-id=\"d5cfde3\" data-element_type=\"container\" data-settings=\"{&quot;background_background&quot;:&quot;classic&quot;}\">\n\t\t\t\t\t<div class=\"e-con-inner\">\n\t\t\t\t<div class=\"elementor-element elementor-element-3ecd55be elementor-invisible elementor-widget elementor-widget-heading\" data-id=\"3ecd55be\" data-element_type=\"widget\" data-settings=\"{&quot;_animation&quot;:&quot;fadeIn&quot;}\" data-widget_type=\"heading.default\">\n\t\t\t\t<div class=\"elementor-widget-container\">\n\t\t\t\t\t<h1 class=\"elementor-heading-title elementor-size-default\">free your mind, fix your data*<\/h1>\t\t\t\t<\/div>\n\t\t\t\t<\/div>\n\t\t\t\t<div class=\"elementor-element elementor-element-c86f453 elementor-widget elementor-widget-text-editor\" data-id=\"c86f453\" data-element_type=\"widget\" data-widget_type=\"text-editor.default\">\n\t\t\t\t<div class=\"elementor-widget-container\">\n\t\t\t\t\t\t\t\t\t<p><em>*lib\u00e9rez votre esprit, optimisez vos donn\u00e9es<\/em><\/p>\t\t\t\t\t\t\t\t<\/div>\n\t\t\t\t<\/div>\n\t\t\t\t<div class=\"elementor-element elementor-element-f465af5 elementor-widget elementor-widget-html\" data-id=\"f465af5\" data-element_type=\"widget\" data-widget_type=\"html.default\">\n\t\t\t\t<div class=\"elementor-widget-container\">\n\t\t\t\t\t<!-- Calendly link widget begin -->\r\n<link href=\"https:\/\/assets.calendly.com\/assets\/external\/widget.css\" rel=\"stylesheet\">\r\n<script src=\"https:\/\/assets.calendly.com\/assets\/external\/widget.js\" type=\"text\/javascript\" async><\/script>\r\n<a href=\"\" onclick=\"Calendly.initPopupWidget({url: 'https:\/\/calendly.com\/patrick-fixidata\/30min'});return false;\">Prendre rendez-vous<\/a>\r\n<!-- Calendly link widget end -->\t\t\t\t<\/div>\n\t\t\t\t<\/div>\n\t\t\t\t\t<\/div>\n\t\t\t\t<\/div>\n\t\t<div class=\"elementor-element elementor-element-76b52626 e-flex e-con-boxed e-con e-parent\" data-id=\"76b52626\" data-element_type=\"container\">\n\t\t\t\t\t<div class=\"e-con-inner\">\n\t\t\t\t<div class=\"elementor-element elementor-element-ccbb979 elementor-widget elementor-widget-heading\" data-id=\"ccbb979\" data-element_type=\"widget\" data-widget_type=\"heading.default\">\n\t\t\t\t<div class=\"elementor-widget-container\">\n\t\t\t\t\t<h5 class=\"elementor-heading-title elementor-size-default\">Vos donn\u00e9es sont une mine d\u2019or, encore faut-il savoir les exploiter. <\/h5>\t\t\t\t<\/div>\n\t\t\t\t<\/div>\n\t\t\t\t<div class=\"elementor-element elementor-element-30e5297 elementor-widget elementor-widget-heading\" data-id=\"30e5297\" data-element_type=\"widget\" data-widget_type=\"heading.default\">\n\t\t\t\t<div class=\"elementor-widget-container\">\n\t\t\t\t\t<h2 class=\"elementor-heading-title elementor-size-default\">Nos Services<\/h2>\t\t\t\t<\/div>\n\t\t\t\t<\/div>\n\t\t<div class=\"elementor-element elementor-element-b2d7dbe e-con-full e-flex e-con e-child\" data-id=\"b2d7dbe\" data-element_type=\"container\">\n\t\t\t\t<div class=\"elementor-element elementor-element-43ed2439 elementor-widget-tablet__width-initial elementor-widget-mobile__width-inherit elementor-widget__width-initial elementor-position-top elementor-widget elementor-widget-image-box\" data-id=\"43ed2439\" data-element_type=\"widget\" data-widget_type=\"image-box.default\">\n\t\t\t\t<div class=\"elementor-widget-container\">\n\t\t\t\t\t<div class=\"elementor-image-box-wrapper\"><figure class=\"elementor-image-box-img\"><img fetchpriority=\"high\" decoding=\"async\" width=\"1920\" height=\"1244\" src=\"https:\/\/www.fixidata.com\/wp-content\/uploads\/2025\/03\/analytics-plan-strategy-insight-concept-scaled.webp\" class=\"elementor-animation-grow attachment-full size-full wp-image-90\" alt=\"\" srcset=\"https:\/\/www.fixidata.com\/wp-content\/uploads\/2025\/03\/analytics-plan-strategy-insight-concept-scaled.webp 1920w, https:\/\/www.fixidata.com\/wp-content\/uploads\/2025\/03\/analytics-plan-strategy-insight-concept-300x194.webp 300w, https:\/\/www.fixidata.com\/wp-content\/uploads\/2025\/03\/analytics-plan-strategy-insight-concept-1024x664.webp 1024w, https:\/\/www.fixidata.com\/wp-content\/uploads\/2025\/03\/analytics-plan-strategy-insight-concept-768x498.webp 768w, https:\/\/www.fixidata.com\/wp-content\/uploads\/2025\/03\/analytics-plan-strategy-insight-concept-1536x996.webp 1536w\" sizes=\"(max-width: 1920px) 100vw, 1920px\" \/><\/figure><div class=\"elementor-image-box-content\"><h4 class=\"elementor-image-box-title\">Tableau de bord PowerBI<\/h4><p class=\"elementor-image-box-description\">Transformez vos donn\u00e9es en d\u00e9cisions strat\u00e9giques gr\u00e2ce \u00e0 des tableaux de bord interactifs et personnalis\u00e9s, connect\u00e9s \u00e0 vos outils ERP.<\/p><\/div><\/div>\t\t\t\t<\/div>\n\t\t\t\t<\/div>\n\t\t\t\t<div class=\"elementor-element elementor-element-3afe9b04 elementor-widget-tablet__width-initial elementor-widget-mobile__width-inherit elementor-widget__width-initial elementor-position-top elementor-widget elementor-widget-image-box\" data-id=\"3afe9b04\" data-element_type=\"widget\" data-widget_type=\"image-box.default\">\n\t\t\t\t<div class=\"elementor-widget-container\">\n\t\t\t\t\t<div class=\"elementor-image-box-wrapper\"><figure class=\"elementor-image-box-img\"><img decoding=\"async\" width=\"1920\" height=\"1280\" src=\"https:\/\/www.fixidata.com\/wp-content\/uploads\/2025\/03\/still-life-red-thread-connection-scaled.webp\" class=\"elementor-animation-grow attachment-full size-full wp-image-91\" alt=\"\" srcset=\"https:\/\/www.fixidata.com\/wp-content\/uploads\/2025\/03\/still-life-red-thread-connection-scaled.webp 1920w, https:\/\/www.fixidata.com\/wp-content\/uploads\/2025\/03\/still-life-red-thread-connection-300x200.webp 300w, https:\/\/www.fixidata.com\/wp-content\/uploads\/2025\/03\/still-life-red-thread-connection-1024x683.webp 1024w, https:\/\/www.fixidata.com\/wp-content\/uploads\/2025\/03\/still-life-red-thread-connection-768x512.webp 768w, https:\/\/www.fixidata.com\/wp-content\/uploads\/2025\/03\/still-life-red-thread-connection-1536x1024.webp 1536w\" sizes=\"(max-width: 1920px) 100vw, 1920px\" \/><\/figure><div class=\"elementor-image-box-content\"><h4 class=\"elementor-image-box-title\">Optimisation des Syst\u00e8mes d'Information<\/h4><p class=\"elementor-image-box-description\">Gagnez en efficacit\u00e9 avec une meilleure gestion de vos logiciels et infrastructures IT.<\/p><\/div><\/div>\t\t\t\t<\/div>\n\t\t\t\t<\/div>\n\t\t\t\t<div class=\"elementor-element elementor-element-4013ea92 elementor-widget-tablet__width-initial elementor-widget-mobile__width-inherit elementor-widget__width-initial elementor-position-top elementor-widget elementor-widget-image-box\" data-id=\"4013ea92\" data-element_type=\"widget\" data-widget_type=\"image-box.default\">\n\t\t\t\t<div class=\"elementor-widget-container\">\n\t\t\t\t\t<div class=\"elementor-image-box-wrapper\"><figure class=\"elementor-image-box-img\"><img decoding=\"async\" width=\"1920\" height=\"1280\" src=\"https:\/\/www.fixidata.com\/wp-content\/uploads\/2025\/03\/pexels-rdne-7947663-scaled.webp\" class=\"elementor-animation-grow attachment-full size-full wp-image-96\" alt=\"\" srcset=\"https:\/\/www.fixidata.com\/wp-content\/uploads\/2025\/03\/pexels-rdne-7947663-scaled.webp 1920w, https:\/\/www.fixidata.com\/wp-content\/uploads\/2025\/03\/pexels-rdne-7947663-300x200.webp 300w, https:\/\/www.fixidata.com\/wp-content\/uploads\/2025\/03\/pexels-rdne-7947663-1024x683.webp 1024w, https:\/\/www.fixidata.com\/wp-content\/uploads\/2025\/03\/pexels-rdne-7947663-768x512.webp 768w, https:\/\/www.fixidata.com\/wp-content\/uploads\/2025\/03\/pexels-rdne-7947663-1536x1024.webp 1536w\" sizes=\"(max-width: 1920px) 100vw, 1920px\" \/><\/figure><div class=\"elementor-image-box-content\"><h4 class=\"elementor-image-box-title\">Audits & Conseils IT<\/h4><p class=\"elementor-image-box-description\">Identifiez les points faibles de votre syst\u00e8me et obtenez des recommandations adapt\u00e9es \u00e0 vos besoins.<\/p><\/div><\/div>\t\t\t\t<\/div>\n\t\t\t\t<\/div>\n\t\t\t\t<div class=\"elementor-element elementor-element-580d492f elementor-widget-tablet__width-initial elementor-widget-mobile__width-inherit elementor-widget__width-initial elementor-position-top elementor-widget elementor-widget-image-box\" data-id=\"580d492f\" data-element_type=\"widget\" data-widget_type=\"image-box.default\">\n\t\t\t\t<div class=\"elementor-widget-container\">\n\t\t\t\t\t<div class=\"elementor-image-box-wrapper\"><figure class=\"elementor-image-box-img\"><img loading=\"lazy\" decoding=\"async\" width=\"1920\" height=\"1440\" src=\"https:\/\/www.fixidata.com\/wp-content\/uploads\/2025\/03\/pexels-kindelmedia-7688336-scaled.webp\" class=\"elementor-animation-grow attachment-full size-full wp-image-94\" alt=\"\" srcset=\"https:\/\/www.fixidata.com\/wp-content\/uploads\/2025\/03\/pexels-kindelmedia-7688336-scaled.webp 1920w, https:\/\/www.fixidata.com\/wp-content\/uploads\/2025\/03\/pexels-kindelmedia-7688336-300x225.webp 300w, https:\/\/www.fixidata.com\/wp-content\/uploads\/2025\/03\/pexels-kindelmedia-7688336-1024x768.webp 1024w, https:\/\/www.fixidata.com\/wp-content\/uploads\/2025\/03\/pexels-kindelmedia-7688336-768x576.webp 768w, https:\/\/www.fixidata.com\/wp-content\/uploads\/2025\/03\/pexels-kindelmedia-7688336-1536x1152.webp 1536w\" sizes=\"(max-width: 1920px) 100vw, 1920px\" \/><\/figure><div class=\"elementor-image-box-content\"><h4 class=\"elementor-image-box-title\">Formation & Documentation<\/h4><p class=\"elementor-image-box-description\">Ma\u00eetrisez vos outils gr\u00e2ce \u00e0 des formations et une documentation claire pour une utilisation optimale.<\/p><\/div><\/div>\t\t\t\t<\/div>\n\t\t\t\t<\/div>\n\t\t\t\t<\/div>\n\t\t\t\t\t<\/div>\n\t\t\t\t<\/div>\n\t\t<div class=\"elementor-element elementor-element-2b03c396 e-flex e-con-boxed e-con e-parent\" data-id=\"2b03c396\" data-element_type=\"container\" id=\"next\">\n\t\t\t\t\t<div class=\"e-con-inner\">\n\t\t\t\t<div class=\"elementor-element elementor-element-f024f33 elementor-widget-divider--view-line elementor-widget elementor-widget-divider\" data-id=\"f024f33\" data-element_type=\"widget\" data-widget_type=\"divider.default\">\n\t\t\t\t<div class=\"elementor-widget-container\">\n\t\t\t\t\t\t\t<div class=\"elementor-divider\">\n\t\t\t<span class=\"elementor-divider-separator\">\n\t\t\t\t\t\t<\/span>\n\t\t<\/div>\n\t\t\t\t\t\t<\/div>\n\t\t\t\t<\/div>\n\t\t\t\t<div class=\"elementor-element elementor-element-32bd412c elementor-widget elementor-widget-heading\" data-id=\"32bd412c\" data-element_type=\"widget\" data-widget_type=\"heading.default\">\n\t\t\t\t<div class=\"elementor-widget-container\">\n\t\t\t\t\t<h2 class=\"elementor-heading-title elementor-size-default\">Pourquoi nous choisir ?<\/h2>\t\t\t\t<\/div>\n\t\t\t\t<\/div>\n\t\t<div class=\"elementor-element elementor-element-2230900 e-con-full e-flex e-con e-child\" data-id=\"2230900\" data-element_type=\"container\">\n\t\t<div class=\"elementor-element elementor-element-3422c57e e-con-full e-flex e-con e-child\" data-id=\"3422c57e\" data-element_type=\"container\" data-settings=\"{&quot;background_background&quot;:&quot;classic&quot;}\">\n\t\t\t\t<div class=\"elementor-element elementor-element-161e2824 elementor-widget elementor-widget-heading\" data-id=\"161e2824\" data-element_type=\"widget\" data-widget_type=\"heading.default\">\n\t\t\t\t<div class=\"elementor-widget-container\">\n\t\t\t\t\t<h4 class=\"elementor-heading-title elementor-size-default\">Expertise &amp; Pr\u00e9cision<\/h4>\t\t\t\t<\/div>\n\t\t\t\t<\/div>\n\t\t\t\t<div class=\"elementor-element elementor-element-470c3885 elementor-widget-divider--view-line elementor-widget elementor-widget-divider\" data-id=\"470c3885\" data-element_type=\"widget\" data-widget_type=\"divider.default\">\n\t\t\t\t<div class=\"elementor-widget-container\">\n\t\t\t\t\t\t\t<div class=\"elementor-divider\">\n\t\t\t<span class=\"elementor-divider-separator\">\n\t\t\t\t\t\t<\/span>\n\t\t<\/div>\n\t\t\t\t\t\t<\/div>\n\t\t\t\t<\/div>\n\t\t\t\t<div class=\"elementor-element elementor-element-2412c2d4 elementor-widget elementor-widget-text-editor\" data-id=\"2412c2d4\" data-element_type=\"widget\" data-widget_type=\"text-editor.default\">\n\t\t\t\t<div class=\"elementor-widget-container\">\n\t\t\t\t\t\t\t\t\t<p>\u2714\ufe0f <strong data-start=\"152\" data-end=\"203\">Des solutions sur mesure adapt\u00e9es \u00e0 vos besoins<\/strong><br data-start=\"203\" data-end=\"206\" \/>\u2714\ufe0f <strong data-start=\"209\" data-end=\"269\">Une expertise \u00e9prouv\u00e9e en gestion de donn\u00e9es et Power BI<\/strong><\/p>\t\t\t\t\t\t\t\t<\/div>\n\t\t\t\t<\/div>\n\t\t\t\t<\/div>\n\t\t<div class=\"elementor-element elementor-element-3c11ef1e e-con-full e-flex e-con e-child\" data-id=\"3c11ef1e\" data-element_type=\"container\" data-settings=\"{&quot;background_background&quot;:&quot;classic&quot;}\">\n\t\t\t\t<div class=\"elementor-element elementor-element-4b81fa04 elementor-widget elementor-widget-heading\" data-id=\"4b81fa04\" data-element_type=\"widget\" data-widget_type=\"heading.default\">\n\t\t\t\t<div class=\"elementor-widget-container\">\n\t\t\t\t\t<h4 class=\"elementor-heading-title elementor-size-default\">Gain de Temps &amp; Efficacit\u00e9<\/h4>\t\t\t\t<\/div>\n\t\t\t\t<\/div>\n\t\t\t\t<div class=\"elementor-element elementor-element-78cbc431 elementor-widget-divider--view-line elementor-widget elementor-widget-divider\" data-id=\"78cbc431\" data-element_type=\"widget\" data-widget_type=\"divider.default\">\n\t\t\t\t<div class=\"elementor-widget-container\">\n\t\t\t\t\t\t\t<div class=\"elementor-divider\">\n\t\t\t<span class=\"elementor-divider-separator\">\n\t\t\t\t\t\t<\/span>\n\t\t<\/div>\n\t\t\t\t\t\t<\/div>\n\t\t\t\t<\/div>\n\t\t\t\t<div class=\"elementor-element elementor-element-232fd491 elementor-widget elementor-widget-text-editor\" data-id=\"232fd491\" data-element_type=\"widget\" data-widget_type=\"text-editor.default\">\n\t\t\t\t<div class=\"elementor-widget-container\">\n\t\t\t\t\t\t\t\t\t<p>\u2714\ufe0f <strong data-start=\"316\" data-end=\"376\">Automatisez l&#8217;analyse et la visualisation de vos donn\u00e9es<\/strong><br data-start=\"376\" data-end=\"379\" \/>\u2714\ufe0f <strong data-start=\"382\" data-end=\"454\">Optimisez vos syst\u00e8mes d&#8217;information pour une meilleure productivit\u00e9<\/strong><\/p>\t\t\t\t\t\t\t\t<\/div>\n\t\t\t\t<\/div>\n\t\t\t\t<\/div>\n\t\t<div class=\"elementor-element elementor-element-896f1cc e-con-full e-flex e-con e-child\" data-id=\"896f1cc\" data-element_type=\"container\" data-settings=\"{&quot;background_background&quot;:&quot;classic&quot;}\">\n\t\t\t\t<div class=\"elementor-element elementor-element-74b1013b elementor-widget elementor-widget-heading\" data-id=\"74b1013b\" data-element_type=\"widget\" data-widget_type=\"heading.default\">\n\t\t\t\t<div class=\"elementor-widget-container\">\n\t\t\t\t\t<h4 class=\"elementor-heading-title elementor-size-default\">D\u00e9cisions Strat\u00e9giques Am\u00e9lior\u00e9es<\/h4>\t\t\t\t<\/div>\n\t\t\t\t<\/div>\n\t\t\t\t<div class=\"elementor-element elementor-element-270665e5 elementor-widget-divider--view-line elementor-widget elementor-widget-divider\" data-id=\"270665e5\" data-element_type=\"widget\" data-widget_type=\"divider.default\">\n\t\t\t\t<div class=\"elementor-widget-container\">\n\t\t\t\t\t\t\t<div class=\"elementor-divider\">\n\t\t\t<span class=\"elementor-divider-separator\">\n\t\t\t\t\t\t<\/span>\n\t\t<\/div>\n\t\t\t\t\t\t<\/div>\n\t\t\t\t<\/div>\n\t\t\t\t<div class=\"elementor-element elementor-element-75779c0f elementor-widget elementor-widget-text-editor\" data-id=\"75779c0f\" data-element_type=\"widget\" data-widget_type=\"text-editor.default\">\n\t\t\t\t<div class=\"elementor-widget-container\">\n\t\t\t\t\t\t\t\t\t<p>\u2714\ufe0f <strong data-start=\"508\" data-end=\"576\">Des dashboards clairs et interactifs pour piloter votre activit\u00e9<\/strong><br data-start=\"576\" data-end=\"579\" \/>\u2714\ufe0f <strong data-start=\"582\" data-end=\"652\">Une meilleure compr\u00e9hension de vos performances gr\u00e2ce \u00e0 nos audits<\/strong><\/p>\t\t\t\t\t\t\t\t<\/div>\n\t\t\t\t<\/div>\n\t\t\t\t<\/div>\n\t\t<div class=\"elementor-element elementor-element-28ff6772 e-con-full e-flex e-con e-child\" data-id=\"28ff6772\" data-element_type=\"container\" data-settings=\"{&quot;background_background&quot;:&quot;classic&quot;}\">\n\t\t\t\t<div class=\"elementor-element elementor-element-1321d88d elementor-widget elementor-widget-heading\" data-id=\"1321d88d\" data-element_type=\"widget\" data-widget_type=\"heading.default\">\n\t\t\t\t<div class=\"elementor-widget-container\">\n\t\t\t\t\t<h4 class=\"elementor-heading-title elementor-size-default\">Accompagnement &amp; Support Personnalis\u00e9<\/h4>\t\t\t\t<\/div>\n\t\t\t\t<\/div>\n\t\t\t\t<div class=\"elementor-element elementor-element-29ec59de elementor-widget-divider--view-line elementor-widget elementor-widget-divider\" data-id=\"29ec59de\" data-element_type=\"widget\" data-widget_type=\"divider.default\">\n\t\t\t\t<div class=\"elementor-widget-container\">\n\t\t\t\t\t\t\t<div class=\"elementor-divider\">\n\t\t\t<span class=\"elementor-divider-separator\">\n\t\t\t\t\t\t<\/span>\n\t\t<\/div>\n\t\t\t\t\t\t<\/div>\n\t\t\t\t<\/div>\n\t\t\t\t<div class=\"elementor-element elementor-element-59b43337 elementor-widget elementor-widget-text-editor\" data-id=\"59b43337\" data-element_type=\"widget\" data-widget_type=\"text-editor.default\">\n\t\t\t\t<div class=\"elementor-widget-container\">\n\t\t\t\t\t\t\t\t\t<p>\u2714\ufe0f <strong data-start=\"710\" data-end=\"763\">Formation et documentation adapt\u00e9es \u00e0 vos \u00e9quipes<\/strong><br data-start=\"763\" data-end=\"766\" \/>\u2714\ufe0f <strong data-start=\"769\" data-end=\"827\">Un support r\u00e9actif et \u00e0 l\u2019\u00e9coute de vos besoins<\/strong><\/p>\t\t\t\t\t\t\t\t<\/div>\n\t\t\t\t<\/div>\n\t\t\t\t<\/div>\n\t\t\t\t<\/div>\n\t\t\t\t\t<\/div>\n\t\t\t\t<\/div>\n\t\t<div class=\"elementor-element elementor-element-4c3cac6b e-flex e-con-boxed e-con e-parent\" data-id=\"4c3cac6b\" data-element_type=\"container\">\n\t\t\t\t\t<div class=\"e-con-inner\">\n\t\t<div class=\"elementor-element elementor-element-34530233 e-con-full e-flex e-con e-child\" data-id=\"34530233\" data-element_type=\"container\" data-settings=\"{&quot;background_background&quot;:&quot;classic&quot;}\">\n\t\t\t\t<div class=\"elementor-element elementor-element-38b3eff elementor-widget elementor-widget-image\" data-id=\"38b3eff\" data-element_type=\"widget\" data-widget_type=\"image.default\">\n\t\t\t\t<div class=\"elementor-widget-container\">\n\t\t\t\t\t\t\t\t\t\t\t\t\t\t\t<img loading=\"lazy\" decoding=\"async\" width=\"1439\" height=\"1920\" src=\"https:\/\/www.fixidata.com\/wp-content\/uploads\/2025\/03\/pexels-ollivves-1295036-scaled.webp\" class=\"attachment-full size-full wp-image-110\" alt=\"\" srcset=\"https:\/\/www.fixidata.com\/wp-content\/uploads\/2025\/03\/pexels-ollivves-1295036-scaled.webp 1439w, https:\/\/www.fixidata.com\/wp-content\/uploads\/2025\/03\/pexels-ollivves-1295036-225x300.webp 225w, https:\/\/www.fixidata.com\/wp-content\/uploads\/2025\/03\/pexels-ollivves-1295036-767x1024.webp 767w, https:\/\/www.fixidata.com\/wp-content\/uploads\/2025\/03\/pexels-ollivves-1295036-768x1025.webp 768w, https:\/\/www.fixidata.com\/wp-content\/uploads\/2025\/03\/pexels-ollivves-1295036-1151x1536.webp 1151w\" sizes=\"(max-width: 1439px) 100vw, 1439px\" \/>\t\t\t\t\t\t\t\t\t\t\t\t\t\t\t<\/div>\n\t\t\t\t<\/div>\n\t\t\t\t<\/div>\n\t\t<div class=\"elementor-element elementor-element-38737bf9 e-con-full e-flex e-con e-child\" data-id=\"38737bf9\" data-element_type=\"container\">\n\t\t\t\t<div class=\"elementor-element elementor-element-4fa4a666 elementor-widget elementor-widget-heading\" data-id=\"4fa4a666\" data-element_type=\"widget\" data-widget_type=\"heading.default\">\n\t\t\t\t<div class=\"elementor-widget-container\">\n\t\t\t\t\t<h2 class=\"elementor-heading-title elementor-size-default\">A propos de fixidata<\/h2>\t\t\t\t<\/div>\n\t\t\t\t<\/div>\n\t\t\t\t<div class=\"elementor-element elementor-element-3e691c69 elementor-widget elementor-widget-text-editor\" data-id=\"3e691c69\" data-element_type=\"widget\" data-widget_type=\"text-editor.default\">\n\t\t\t\t<div class=\"elementor-widget-container\">\n\t\t\t\t\t\t\t\t\t<p data-start=\"143\" data-end=\"200\"><strong data-start=\"143\" data-end=\"198\">Transformez vos donn\u00e9es en d\u00e9cisions strat\u00e9giques !<\/strong><\/p><p data-start=\"202\" data-end=\"493\">FixiData est une soci\u00e9t\u00e9 sp\u00e9cialis\u00e9e dans l\u2019<strong data-start=\"246\" data-end=\"305\">exploitation et l\u2019optimisation des donn\u00e9es d\u2019entreprise<\/strong>. Nous aidons les entreprises \u00e0 <strong data-start=\"337\" data-end=\"376\">visualiser, analyser et automatiser<\/strong> leurs informations gr\u00e2ce \u00e0 des solutions adapt\u00e9es comme <strong data-start=\"433\" data-end=\"445\">Power BI<\/strong> et l\u2019optimisation des syst\u00e8mes d\u2019information.<\/p><p data-start=\"495\" data-end=\"652\">\ud83c\udfaf <strong data-start=\"498\" data-end=\"517\">Notre mission ?<\/strong> Vous offrir une vision claire et exploitable de vos donn\u00e9es pour <strong data-start=\"583\" data-end=\"650\">booster votre performance et acc\u00e9l\u00e9rer votre prise de d\u00e9cision.<\/strong><\/p>\t\t\t\t\t\t\t\t<\/div>\n\t\t\t\t<\/div>\n\t\t\t\t<\/div>\n\t\t\t\t\t<\/div>\n\t\t\t\t<\/div>\n\t\t<div class=\"elementor-element elementor-element-4d52eb7 e-flex e-con-boxed e-con e-parent\" data-id=\"4d52eb7\" data-element_type=\"container\">\n\t\t\t\t\t<div class=\"e-con-inner\">\n\t\t\t\t<div class=\"elementor-element elementor-element-f74729e elementor-widget elementor-widget-spacer\" data-id=\"f74729e\" data-element_type=\"widget\" data-widget_type=\"spacer.default\">\n\t\t\t\t<div class=\"elementor-widget-container\">\n\t\t\t\t\t\t\t<div class=\"elementor-spacer\">\n\t\t\t<div class=\"elementor-spacer-inner\"><\/div>\n\t\t<\/div>\n\t\t\t\t\t\t<\/div>\n\t\t\t\t<\/div>\n\t\t\t\t<div class=\"elementor-element elementor-element-0810695 elementor-widget elementor-widget-text-editor\" data-id=\"0810695\" data-element_type=\"widget\" data-widget_type=\"text-editor.default\">\n\t\t\t\t<div class=\"elementor-widget-container\">\n\t\t\t\t\t\t\t\t\t<p><strong data-start=\"910\" data-end=\"984\">FixiData, <\/strong>votre partenaire pour une gestion intelligente des donn\u00e9es !<\/p>\t\t\t\t\t\t\t\t<\/div>\n\t\t\t\t<\/div>\n\t\t\t\t\t<\/div>\n\t\t\t\t<\/div>\n\t\t<div class=\"elementor-element elementor-element-bb30e77 e-flex e-con-boxed e-con e-parent\" data-id=\"bb30e77\" data-element_type=\"container\">\n\t\t\t\t\t<div class=\"e-con-inner\">\n\t\t\t\t<div class=\"elementor-element elementor-element-57ceea1 elementor-widget elementor-widget-spacer\" data-id=\"57ceea1\" data-element_type=\"widget\" data-widget_type=\"spacer.default\">\n\t\t\t\t<div class=\"elementor-widget-container\">\n\t\t\t\t\t\t\t<div class=\"elementor-spacer\">\n\t\t\t<div class=\"elementor-spacer-inner\"><\/div>\n\t\t<\/div>\n\t\t\t\t\t\t<\/div>\n\t\t\t\t<\/div>\n\t\t\t\t<div class=\"elementor-element elementor-element-71b6283 elementor-widget elementor-widget-image\" data-id=\"71b6283\" data-element_type=\"widget\" data-widget_type=\"image.default\">\n\t\t\t\t<div class=\"elementor-widget-container\">\n\t\t\t\t\t\t\t\t\t\t\t\t\t\t\t<img loading=\"lazy\" decoding=\"async\" width=\"300\" height=\"80\" src=\"https:\/\/www.fixidata.com\/wp-content\/uploads\/2025\/03\/Color-logo-no-background-300x80.webp\" class=\"attachment-medium size-medium wp-image-57\" alt=\"Logo_fixidata\" srcset=\"https:\/\/www.fixidata.com\/wp-content\/uploads\/2025\/03\/Color-logo-no-background-300x80.webp 300w, https:\/\/www.fixidata.com\/wp-content\/uploads\/2025\/03\/Color-logo-no-background-1024x272.webp 1024w, https:\/\/www.fixidata.com\/wp-content\/uploads\/2025\/03\/Color-logo-no-background-768x204.webp 768w, https:\/\/www.fixidata.com\/wp-content\/uploads\/2025\/03\/Color-logo-no-background-1536x407.webp 1536w, https:\/\/www.fixidata.com\/wp-content\/uploads\/2025\/03\/Color-logo-no-background.webp 1920w\" sizes=\"(max-width: 300px) 100vw, 300px\" \/>\t\t\t\t\t\t\t\t\t\t\t\t\t\t\t<\/div>\n\t\t\t\t<\/div>\n\t\t\t\t\t<\/div>\n\t\t\t\t<\/div>\n\t\t\t\t<\/div>\n\t\t","protected":false},"excerpt":{"rendered":"<p>free your mind, fix your data* *lib\u00e9rez votre esprit, optimisez vos donn\u00e9es Prendre rendez-vous Vos donn\u00e9es sont une mine d\u2019or, encore faut-il savoir les exploiter. Nos Services Tableau de bord PowerBI Transformez vos donn\u00e9es en d\u00e9cisions strat\u00e9giques gr\u00e2ce \u00e0 des tableaux de bord interactifs et personnalis\u00e9s, connect\u00e9s \u00e0 vos outils ERP. Optimisation des Syst\u00e8mes d&#8217;Information [&hellip;]<\/p>\n","protected":false},"author":1,"featured_media":0,"parent":0,"menu_order":0,"comment_status":"closed","ping_status":"closed","template":"elementor_header_footer","meta":{"footnotes":""},"class_list":["post-34","page","type-page","status-publish","hentry"],"_links":{"self":[{"href":"https:\/\/www.fixidata.com\/index.php\/wp-json\/wp\/v2\/pages\/34","targetHints":{"allow":["GET"]}}],"collection":[{"href":"https:\/\/www.fixidata.com\/index.php\/wp-json\/wp\/v2\/pages"}],"about":[{"href":"https:\/\/www.fixidata.com\/index.php\/wp-json\/wp\/v2\/types\/page"}],"author":[{"embeddable":true,"href":"https:\/\/www.fixidata.com\/index.php\/wp-json\/wp\/v2\/users\/1"}],"replies":[{"embeddable":true,"href":"https:\/\/www.fixidata.com\/index.php\/wp-json\/wp\/v2\/comments?post=34"}],"version-history":[{"count":55,"href":"https:\/\/www.fixidata.com\/index.php\/wp-json\/wp\/v2\/pages\/34\/revisions"}],"predecessor-version":[{"id":157,"href":"https:\/\/www.fixidata.com\/index.php\/wp-json\/wp\/v2\/pages\/34\/revisions\/157"}],"wp:attachment":[{"href":"https:\/\/www.fixidata.com\/index.php\/wp-json\/wp\/v2\/media?parent=34"}],"curies":[{"name":"wp","href":"https:\/\/api.w.org\/{rel}","templated":true}]}}